{"id":402,"date":"2026-01-12T09:13:13","date_gmt":"2026-01-12T09:13:13","guid":{"rendered":"https:\/\/seample.uniri.hr\/?page_id=402"},"modified":"2026-01-12T12:14:40","modified_gmt":"2026-01-12T12:14:40","slug":"rezultati","status":"publish","type":"page","link":"https:\/\/seample.uniri.hr\/en\/rezultati\/","title":{"rendered":"RESULTS"},"content":{"rendered":"<h3 class=\"wp-block-heading has-text-align-left\" style=\"margin-right:var(--wp--preset--spacing--80);margin-left:var(--wp--preset--spacing--80)\">Journal papers<\/h3>\n\n\n\n<ol class=\"wp-block-list\">\n<li style=\"margin-right:var(--wp--preset--spacing--80);margin-left:var(--wp--preset--spacing--80)\">Petrovi\u0107, A., &amp; Jak\u0161i\u0107, D. (2026). <em>Towards Smart and Socially Integrated Learning: A Systematic Review of LMS, Social Media and Artificial Intelligence Synergies<\/em>. <strong>Electronic Journal of e-Learning, 24<\/strong>(1), 1\u201325. <a href=\"https:\/\/doi.org\/10.34190\/ejel.24.1.4417\">https:\/\/doi.org\/10.34190\/ejel.24.1.4417<\/a><\/li>\n<\/ol>\n\n\n\n<h3 class=\"wp-block-heading has-text-align-left\" style=\"margin-right:var(--wp--preset--spacing--80);margin-left:var(--wp--preset--spacing--80)\">Conference proceedings papers<\/h3>\n\n\n\n<h3 class=\"wp-block-heading has-text-align-left\" style=\"margin-right:var(--wp--preset--spacing--80);margin-left:var(--wp--preset--spacing--80)\">Other papers and project results<\/h3>","protected":false},"excerpt":{"rendered":"<p>Radovi u \u010dasopisima Radovi u zbornicima skupova Ostali radovi i projektni rezultati<\/p>","protected":false},"author":1,"featured_media":0,"parent":0,"menu_order":0,"comment_status":"closed","ping_status":"closed","template":"pages","meta":{"footnotes":""},"class_list":["post-402","page","type-page","status-publish","hentry"],"_links":{"self":[{"href":"https:\/\/seample.uniri.hr\/en\/wp-json\/wp\/v2\/pages\/402","targetHints":{"allow":["GET"]}}],"collection":[{"href":"https:\/\/seample.uniri.hr\/en\/wp-json\/wp\/v2\/pages"}],"about":[{"href":"https:\/\/seample.uniri.hr\/en\/wp-json\/wp\/v2\/types\/page"}],"author":[{"embeddable":true,"href":"https:\/\/seample.uniri.hr\/en\/wp-json\/wp\/v2\/users\/1"}],"replies":[{"embeddable":true,"href":"https:\/\/seample.uniri.hr\/en\/wp-json\/wp\/v2\/comments?post=402"}],"version-history":[{"count":5,"href":"https:\/\/seample.uniri.hr\/en\/wp-json\/wp\/v2\/pages\/402\/revisions"}],"predecessor-version":[{"id":493,"href":"https:\/\/seample.uniri.hr\/en\/wp-json\/wp\/v2\/pages\/402\/revisions\/493"}],"wp:attachment":[{"href":"https:\/\/seample.uniri.hr\/en\/wp-json\/wp\/v2\/media?parent=402"}],"curies":[{"name":"wp","href":"https:\/\/api.w.org\/{rel}","templated":true}]}}