{"id":397,"date":"2026-01-12T09:05:35","date_gmt":"2026-01-12T09:05:35","guid":{"rendered":"https:\/\/seample.uniri.hr\/?page_id=397"},"modified":"2026-01-12T12:11:49","modified_gmt":"2026-01-12T12:11:49","slug":"projektni-tim","status":"publish","type":"page","link":"https:\/\/seample.uniri.hr\/en\/projektni-tim\/","title":{"rendered":"PROJECT TEAM"},"content":{"rendered":"<div class=\"wp-block-media-text alignwide is-stacked-on-mobile has-small-font-size\" style=\"border-style:none;border-width:0px;margin-top:0;margin-right:var(--wp--preset--spacing--80);margin-bottom:0;margin-left:var(--wp--preset--spacing--80);padding-top:var(--wp--preset--spacing--30);padding-bottom:var(--wp--preset--spacing--30);grid-template-columns:26% auto\"><figure class=\"wp-block-media-text__media\"><img decoding=\"async\" src=\"https:\/\/seample9.wordpress.com\/wp-content\/uploads\/2025\/10\/jaksic.jpg?w=768\" alt=\"\" class=\"wp-image-52 size-full\"\/><\/figure><div class=\"wp-block-media-text__content\">\n<p><strong>Associate Professor Dr. Danijela Jak\u0161i\u0107, <\/strong>is responsible for the overall management of the project and for contributing to the research tasks related to her area of expertise. She is a member of the Laboratory for Information Systems Development, Head of the Department of Business Informatics, and Chair of the Committee for Quality Assurance and Improvement at FIDIT. She has extensive experience in database and information system development, data analytics and business intelligence, the application of digital marketing and social media in education, the evaluation of educational information systems, and the use of digital technologies for learning and teaching. She will serve as the leader of WP1 (Project Management) and WP3 (Development of the Integrated Educational System).<\/p>\n\n\n\n<p>Google Scholar: <a href=\"https:\/\/scholar.google.hr\/citations?user=boe9wQwAAAAJ&amp;hl=en\">https:\/\/scholar.google.hr\/citations?user=boe9wQwAAAAJ&amp;hl=en<\/a><\/p>\n\n\n\n<p>ORCID: <a href=\"https:\/\/orcid.org\/0000-0002-7205-8872\">https:\/\/orcid.org\/0000-0002-7205-8872<\/a><\/p>\n<\/div><\/div>\n\n\n\n<div class=\"wp-block-media-text alignwide is-stacked-on-mobile has-small-font-size\" style=\"border-style:none;border-width:0px;margin-top:0;margin-right:var(--wp--preset--spacing--80);margin-bottom:0;margin-left:var(--wp--preset--spacing--80);padding-top:var(--wp--preset--spacing--30);padding-bottom:var(--wp--preset--spacing--30);grid-template-columns:26% auto\"><figure class=\"wp-block-media-text__media\"><img decoding=\"async\" src=\"https:\/\/seample9.wordpress.com\/wp-content\/uploads\/2025\/10\/vanja.jpg?w=768\" alt=\"\" class=\"wp-image-45 size-full\"\/><\/figure><div class=\"wp-block-media-text__content\">\n<p><strong>Associate Professor Dr. Vanja Slavuj,<\/strong> a collaborator on the project, is a member of the Laboratory for Data Engineering and Computational Linguistics, the Department of Multimedia Systems and E-Learning, and the Committee for Quality Assurance and Improvement, as well as the Vice Dean for Teaching and Students at FIDIT. He has extensive experience in the design and evaluation of e-learning systems and in the application of digital technologies for learning and teaching. He will serve as the leader of WP4 (System and Framework Piloting and Evaluation).<\/p>\n\n\n\n<p>Google Scholar: <a href=\"https:\/\/scholar.google.hr\/citations?hl=hr&amp;user=Mm5Se0cAAAAJ\" target=\"_blank\" rel=\"noreferrer noopener\">https:\/\/scholar.google.hr\/citations?hl=hr&amp;user=Mm5Se0cAAAAJ<\/a><\/p>\n\n\n\n<p>ORCID: <a href=\"https:\/\/orcid.org\/0000-0002-6351-2244\" target=\"_blank\" rel=\"noreferrer noopener\">https:\/\/orcid.org\/0000-0002-6351-2244<\/a><\/p>\n<\/div><\/div>\n\n\n\n<div class=\"wp-block-media-text alignwide is-stacked-on-mobile has-small-font-size\" style=\"border-style:none;border-width:0px;margin-top:0;margin-right:var(--wp--preset--spacing--80);margin-bottom:0;margin-left:var(--wp--preset--spacing--80);padding-top:var(--wp--preset--spacing--30);padding-bottom:var(--wp--preset--spacing--30);grid-template-columns:26% auto\"><figure class=\"wp-block-media-text__media\"><img decoding=\"async\" src=\"https:\/\/seample9.wordpress.com\/wp-content\/uploads\/2025\/10\/kimi.jpg?w=768\" alt=\"\" class=\"wp-image-46 size-full\"\/><\/figure><div class=\"wp-block-media-text__content\">\n<p><strong>Assistant Professor Dr. Kristian Stan\u010din,<\/strong> a collaborator on the project, is a member of the Laboratory for the Application of Information Technologies in Education and the Committee for Quality Assurance and Improvement at FIDIT. He has experience in developing educational systems, applying innovative teaching methods, and evaluating digital educational games. He will serve as the leader of WP2 (Development of the Framework for Student Engagement Management).<\/p>\n\n\n\n<p>Google Scholar: <a href=\"https:\/\/scholar.google.hr\/citations?user=di7iKTsAAAAJ&amp;hl=hr&amp;oi=ao\">https:\/\/scholar.google.hr\/citations?user=di7iKTsAAAAJ&amp;hl=hr&amp;oi=ao<\/a> <\/p>\n\n\n\n<p>ORCID: <a href=\"https:\/\/orcid.org\/0000-0001-8048-9026\">https:\/\/orcid.org\/0000-0001-8048-9026<\/a><\/p>\n<\/div><\/div>\n\n\n\n<div class=\"wp-block-media-text alignwide is-stacked-on-mobile has-small-font-size\" style=\"border-style:none;border-width:0px;margin-top:0;margin-right:var(--wp--preset--spacing--80);margin-bottom:0;margin-left:var(--wp--preset--spacing--80);padding-top:var(--wp--preset--spacing--30);padding-bottom:var(--wp--preset--spacing--30);grid-template-columns:26% auto\"><figure class=\"wp-block-media-text__media\"><img decoding=\"async\" src=\"https:\/\/seample9.wordpress.com\/wp-content\/uploads\/2025\/10\/asenbrener_katic-1.jpg?w=768\" alt=\"\" class=\"wp-image-49 size-full\"\/><\/figure><div class=\"wp-block-media-text__content\">\n<p><strong>Associate Professor Dr. Martina A\u0161enbrener Kati\u0107,<\/strong>a collaborator on the project, is a member of the Laboratory for Information Systems Development and Head of the Department of Information Systems at FIDIT. She specializes in information system design, knowledge representation, and artificial intelligence. She will serve as the leader of WP5 (Dissemination and Ensuring the Sustainability of Project Results).<\/p>\n\n\n\n<p>Google Scholar <a href=\"http:\/\/scholar.google.hr\/citations?user=XVYjSAwAAAAJ&amp;hl=en&amp;oi=ao\" target=\"_blank\" rel=\"noreferrer noopener\">http:\/\/scholar.google.hr\/citations?user=XVYjSAwAAAAJ&amp;hl=en&amp;oi=ao<\/a><\/p>\n\n\n\n<p>ORCID <a href=\"https:\/\/orcid.org\/0000-0002-7321-470X\" target=\"_blank\" rel=\"noreferrer noopener\">https:\/\/orcid.org\/0000-0002-7321-470X<\/a><\/p>\n<\/div><\/div>\n\n\n\n<div class=\"wp-block-media-text alignwide is-stacked-on-mobile has-small-font-size\" style=\"border-style:none;border-width:0px;margin-top:0;margin-right:var(--wp--preset--spacing--80);margin-bottom:0;margin-left:var(--wp--preset--spacing--80);padding-top:var(--wp--preset--spacing--30);padding-bottom:var(--wp--preset--spacing--30);grid-template-columns:26% auto\"><figure class=\"wp-block-media-text__media\"><img decoding=\"async\" src=\"https:\/\/seample9.wordpress.com\/wp-content\/uploads\/2025\/10\/poscic-1.jpg?w=768\" alt=\"\" class=\"wp-image-50 size-full\"\/><\/figure><div class=\"wp-block-media-text__content\">\n<p><strong>Professor Dr. Patrizia Po\u0161\u010di\u0107, Dean of FIDIT,<\/strong>has extensive experience in database and information system development and in managing the digital transformation of business and educational systems. She will contribute to specific project tasks within her area of expertise and will mentor one doctoral student as part of the project.<\/p>\n\n\n\n<p>Google Scholar <a href=\"https:\/\/scholar.google.hr\/citations?hl=en&amp;user=ozwzipcAAAAJ\" target=\"_blank\" rel=\"noreferrer noopener\">https:\/\/scholar.google.hr\/citations?hl=en&amp;user=ozwzipcAAAAJ<\/a><\/p>\n\n\n\n<p>ORCID <a href=\"https:\/\/orcid.org\/0000-0001-5456-7991\" target=\"_blank\" rel=\"noreferrer noopener\">https:\/\/orcid.org\/0000-0001-5456-7991<\/a><\/p>\n<\/div><\/div>\n\n\n\n<div class=\"wp-block-media-text alignwide is-stacked-on-mobile has-small-font-size\" style=\"border-style:none;border-width:0px;margin-top:0;margin-right:var(--wp--preset--spacing--80);margin-bottom:0;margin-left:var(--wp--preset--spacing--80);padding-top:var(--wp--preset--spacing--30);padding-bottom:var(--wp--preset--spacing--30);grid-template-columns:26% auto\"><figure class=\"wp-block-media-text__media\"><img decoding=\"async\" src=\"https:\/\/seample9.wordpress.com\/wp-content\/uploads\/2025\/10\/petrovic_ana.jpg?w=683\" alt=\"\" class=\"wp-image-51 size-full\"\/><\/figure><div class=\"wp-block-media-text__content\">\n<p><strong>Doctoral student Ana Petrovi\u0107, an assistant at FIDIT,<\/strong>will actively participate in all work packages and contribute to most of the research tasks, with a focus on defining the framework and developing the integrated educational system. In doing so, she will build her competencies and area of expertise. She will prepare her doctoral dissertation under the supervision of the project leader, within the scope of the proposed research.<\/p>\n\n\n\n<p>Google Scholar <a href=\"https:\/\/scholar.google.com\/citations?hl=hr&amp;user=4NpSxvsAAAAJ\" target=\"_blank\" rel=\"noreferrer noopener\">https:\/\/scholar.google.com\/citations?hl=hr&amp;user=4NpSxvsAAAAJ<\/a><\/p>\n\n\n\n<p>ORCID <a href=\"https:\/\/orcid.org\/0009-0003-7680-2181\" target=\"_blank\" rel=\"noreferrer noopener\">https:\/\/orcid.org\/0009-0003-7680-2181<\/a><\/p>\n<\/div><\/div>\n\n\n\n<div class=\"wp-block-media-text alignwide is-stacked-on-mobile has-small-font-size\" style=\"border-style:none;border-width:0px;margin-top:0;margin-right:var(--wp--preset--spacing--80);margin-bottom:0;margin-left:var(--wp--preset--spacing--80);padding-top:var(--wp--preset--spacing--30);padding-bottom:var(--wp--preset--spacing--30);grid-template-columns:26% auto\"><figure class=\"wp-block-media-text__media\"><img loading=\"lazy\" decoding=\"async\" width=\"209\" height=\"241\" src=\"https:\/\/seample9.wordpress.com\/wp-content\/uploads\/2025\/10\/images.jpg?w=209\" alt=\"\" class=\"wp-image-194 size-full\"\/><\/figure><div class=\"wp-block-media-text__content\">\n<p><strong>Doctoral student Ana Pasari\u0107,<\/strong>a collaborator from the business and education sectors, will contribute to research tasks related to knowledge bases and artificial intelligence. She will work on her doctoral dissertation under the supervision of Professor Dr. Patrizia Po\u0161\u010di\u0107.<\/p>\n\n\n\n<p>Google Scholar <a href=\"https:\/\/scholar.google.hr\/citations?hl=hr&amp;user=TRr0I3IAAAAJ\" target=\"_blank\" rel=\"noreferrer noopener\">https:\/\/scholar.google.hr\/citations?hl=hr&amp;user=TRr0I3IAAAAJ<\/a><\/p>\n\n\n\n<p>ORCID <a href=\"https:\/\/orcid.org\/0009-0001-8029-1762\" target=\"_blank\" rel=\"noreferrer noopener\">https:\/\/orcid.org\/0009-0001-8029-1762<\/a><\/p>\n<\/div><\/div>\n\n\n\n<div class=\"wp-block-media-text alignwide is-stacked-on-mobile has-small-font-size\" style=\"border-style:none;border-width:0px;margin-top:0;margin-right:var(--wp--preset--spacing--80);margin-bottom:0;margin-left:var(--wp--preset--spacing--80);padding-top:var(--wp--preset--spacing--30);padding-bottom:var(--wp--preset--spacing--30);grid-template-columns:26% auto\"><figure class=\"wp-block-media-text__media\"><img loading=\"lazy\" decoding=\"async\" width=\"209\" height=\"241\" src=\"https:\/\/seample9.wordpress.com\/wp-content\/uploads\/2025\/10\/images-1.jpg?w=209\" alt=\"\" class=\"wp-image-195 size-full\"\/><\/figure><div class=\"wp-block-media-text__content\">\n<p><strong>Associate Professor Dr. Marjeta Marlot,<\/strong>from the University of Maribor, Faculty of Organizational Sciences, is participating in the project as an international member of the research team who will provide consultative support, contributing to knowledge transfer and the professional development of the team in her areas of expertise. Her research interests include the digital transformation of business and educational organizations and applied learning analytics.<\/p>\n\n\n\n<p>Google Scholar: <a href=\"https:\/\/scholar.google.hr\/citations?hl=en&amp;user=txj8m10AAAAJ\">https:\/\/scholar.google.hr\/citations?hl=en&amp;user=txj8m10AAAAJ<\/a><\/p>\n\n\n\n<p>ORCID: <a href=\"https:\/\/orcid.org\/0000-0002-9868-3545\">https:\/\/orcid.org\/0000-0002-9868-3545<\/a><\/p>\n<\/div><\/div>","protected":false},"excerpt":{"rendered":"<p>Voditeljica izv. prof. dr. sc. Danijela Jak\u0161i\u0107 odgovorna je za cjelokupno upravljanje projektom i doprinos istra\u017eiva\u010dkim zadacima vezanim uz njezino podru\u010dje stru\u010dnosti. \u010clanica je Laboratorija za razvoj informacijskih sustava, \u0161efica Katedre za poslovnu informatiku te voditeljica Odbora za osiguravanje i unaprje\u0111ivanje kvalitete FIDIT-a. Posjeduje dugogodi\u0161nje iskustvo u razvoju baza podataka i informacijskih sustava, podatkovnoj analitici [&hellip;]<\/p>","protected":false},"author":1,"featured_media":0,"parent":0,"menu_order":0,"comment_status":"closed","ping_status":"closed","template":"pages","meta":{"footnotes":""},"class_list":["post-397","page","type-page","status-publish","hentry"],"_links":{"self":[{"href":"https:\/\/seample.uniri.hr\/en\/wp-json\/wp\/v2\/pages\/397","targetHints":{"allow":["GET"]}}],"collection":[{"href":"https:\/\/seample.uniri.hr\/en\/wp-json\/wp\/v2\/pages"}],"about":[{"href":"https:\/\/seample.uniri.hr\/en\/wp-json\/wp\/v2\/types\/page"}],"author":[{"embeddable":true,"href":"https:\/\/seample.uniri.hr\/en\/wp-json\/wp\/v2\/users\/1"}],"replies":[{"embeddable":true,"href":"https:\/\/seample.uniri.hr\/en\/wp-json\/wp\/v2\/comments?post=397"}],"version-history":[{"count":6,"href":"https:\/\/seample.uniri.hr\/en\/wp-json\/wp\/v2\/pages\/397\/revisions"}],"predecessor-version":[{"id":492,"href":"https:\/\/seample.uniri.hr\/en\/wp-json\/wp\/v2\/pages\/397\/revisions\/492"}],"wp:attachment":[{"href":"https:\/\/seample.uniri.hr\/en\/wp-json\/wp\/v2\/media?parent=397"}],"curies":[{"name":"wp","href":"https:\/\/api.w.org\/{rel}","templated":true}]}}